{"id":654,"date":"2018-11-17T21:02:55","date_gmt":"2018-11-17T20:02:55","guid":{"rendered":"https:\/\/odiv.de\/cms\/?page_id=654"},"modified":"2022-10-19T11:11:06","modified_gmt":"2022-10-19T09:11:06","slug":"jahrestagung-2018","status":"publish","type":"page","link":"https:\/\/odiv.de\/cms\/jahrestagungen\/jahrestagung-2018\/","title":{"rendered":"Jahrestagung 2018: Europa und Demokratie &#8211; Herausforderung f\u00fcr katholische Schulen?!"},"content":{"rendered":"<p>[vc_row][vc_column][vc_column_text]Hier finden Sie die Dokumente der Jahrestagung 2018 zum Download:[\/vc_column_text][vc_empty_space height=&#8220;20px&#8220;][vc_separator][vc_empty_space height=&#8220;20px&#8220;][vc_column_text]<\/p>\n<h5>Programm der Tagung 2018<\/h5>\n<p>[\/vc_column_text][vc_empty_space height=&#8220;16px&#8220;][vc_btn title=&#8220;Dokument herunterladen&#8220; color=&#8220;blue&#8220; link=&#8220;url:https%3A%2F%2Fodiv.de%2Fcms%2Fwp-content%2Fuploads%2F2018%2F07%2FEinladung_ODIV2018.pdf|||&#8220;][vc_empty_space height=&#8220;20px&#8220;][vc_separator][vc_empty_space height=&#8220;20px&#8220;][vc_column_text]<\/p>\n<h5>Tagesordnung Mitgliederversammlung 2018<\/h5>\n<p>[\/vc_column_text][vc_empty_space height=&#8220;16px&#8220;][vc_btn title=&#8220;Dokument herunterladen&#8220; color=&#8220;blue&#8220; link=&#8220;url:https%3A%2F%2Fodiv.de%2Fcms%2Fwp-content%2Fuploads%2F2018%2F07%2FODIV-Mitgliederversammlung2018.pdf|||&#8220;][vc_column_text]<\/p>\n<h5>Niederschrift der Mitgliederversammlung<\/h5>\n<p>[\/vc_column_text][vc_empty_space height=&#8220;16px&#8220;][vc_btn title=&#8220;Dokument herunterladen&#8220; color=&#8220;blue&#8220; link=&#8220;url:https%3A%2F%2Fodiv.de%2Fcms%2Fwp-content%2Fuploads%2F2019%2F01%2F181106_niederschrift.pdf|||&#8220;][vc_separator][vc_empty_space height=&#8220;20px&#8220;][vc_column_text]<\/p>\n<h5>Prof. Dr. Hans-Gert P\u00f6ttering, Pr\u00e4sident des Europ\u00e4ischen Parlaments a.D.:<\/h5>\n<h5>&#8222;Unsere Verantwortung f\u00fcr die Einigung Europas &#8211; Werte und Politik&#8220;<\/h5>\n<p>[\/vc_column_text][vc_empty_space height=&#8220;16px&#8220;][vc_btn title=&#8220;Dokument herunterladen&#8220; color=&#8220;blue&#8220; link=&#8220;|||&#8220;][vc_separator][vc_empty_space height=&#8220;20px&#8220;][vc_column_text]<\/p>\n<h5>Prof. Dr. Peter Kohlgraf, Bischof von Mainz:<\/h5>\n<h5>&#8222;Schule als &#8218;Stadt&#8216; &#8211; Vom Risiko der Begegnung&#8220;<\/h5>\n<p>[\/vc_column_text][vc_empty_space height=&#8220;16px&#8220;][vc_btn title=&#8220;Dokument herunterladen&#8220; color=&#8220;blue&#8220; link=&#8220;url:https%3A%2F%2Fodiv.de%2Fcms%2Fwp-content%2Fuploads%2F2018%2F11%2F2018-11-118_VortragBKohlgraf_ODIV-Jahrestagung.pdf|||&#8220;][vc_empty_space height=&#8220;20px&#8220;][vc_column_text]<\/p>\n<h5>Dr. Dr. Michael Kuhn:<\/h5>\n<h5>&#8222;Bildung als Ausweg? &#8211; Die Katholischen Schulen und ihre (m\u00f6gliche) Antwort auf die Krise in Europa&#8220;<\/h5>\n<p>[\/vc_column_text][vc_empty_space height=&#8220;16px&#8220;][vc_btn title=&#8220;Dokument herunterladen&#8220; color=&#8220;blue&#8220; link=&#8220;url:https%3A%2F%2Fodiv.de%2Fcms%2Fwp-content%2Fuploads%2F2019%2F03%2F2018-11-07-ODIV-Europa-Bildung-Gesamttext.pdf|||&#8220;][\/vc_column][\/vc_row]<\/p>\n","protected":false},"excerpt":{"rendered":"[vc_row][vc_column][vc_column_text]Hier finden Sie die Dokumente der Jahrestagung 2018 zum Download:[\/vc_column_text][vc_empty_space height=&#8220;20px&#8220;][vc_separator][vc_empty_space height=&#8220;20px&#8220;][vc_column_text] Programm der Tagung 2018 [\/vc_column_text][vc_empty_space height=&#8220;16px&#8220;][vc_btn title=&#8220;Dokument herunterladen&#8220; [&hellip;]","protected":false},"author":3,"featured_media":0,"parent":327,"menu_order":0,"comment_status":"closed","ping_status":"closed","template":"","meta":{"ngg_post_thumbnail":0,"footnotes":""},"class_list":["post-654","page","type-page","status-publish","hentry"],"_links":{"self":[{"href":"https:\/\/odiv.de\/cms\/wp-json\/wp\/v2\/pages\/654","targetHints":{"allow":["GET"]}}],"collection":[{"href":"https:\/\/odiv.de\/cms\/wp-json\/wp\/v2\/pages"}],"about":[{"href":"https:\/\/odiv.de\/cms\/wp-json\/wp\/v2\/types\/page"}],"author":[{"embeddable":true,"href":"https:\/\/odiv.de\/cms\/wp-json\/wp\/v2\/users\/3"}],"replies":[{"embeddable":true,"href":"https:\/\/odiv.de\/cms\/wp-json\/wp\/v2\/comments?post=654"}],"version-history":[{"count":12,"href":"https:\/\/odiv.de\/cms\/wp-json\/wp\/v2\/pages\/654\/revisions"}],"predecessor-version":[{"id":1211,"href":"https:\/\/odiv.de\/cms\/wp-json\/wp\/v2\/pages\/654\/revisions\/1211"}],"up":[{"embeddable":true,"href":"https:\/\/odiv.de\/cms\/wp-json\/wp\/v2\/pages\/327"}],"wp:attachment":[{"href":"https:\/\/odiv.de\/cms\/wp-json\/wp\/v2\/media?parent=654"}],"curies":[{"name":"wp","href":"https:\/\/api.w.org\/{rel}","templated":true}]}}