{"id":509,"date":"2018-01-04T12:40:08","date_gmt":"2018-01-04T11:40:08","guid":{"rendered":"http:\/\/odiv.de\/cms\/?page_id=509"},"modified":"2022-10-19T11:10:03","modified_gmt":"2022-10-19T09:10:03","slug":"jahrestagung-2017","status":"publish","type":"page","link":"https:\/\/odiv.de\/cms\/jahrestagungen\/jahrestagung-2017\/","title":{"rendered":"Jahrestagung 2017: Das Reformationsjubil\u00e4um &#8211; Chance f\u00fcr die \u00d6kumene ?!"},"content":{"rendered":"<p>[vc_row][vc_column][vc_column_text]Hier finden Sie die Dokumente der Jahrestagung 2017 zum Download:[\/vc_column_text][vc_empty_space height=&#8220;20px&#8220;][vc_separator][vc_empty_space height=&#8220;20px&#8220;][vc_column_text]<\/p>\n<h5>Programm der Tagung 2017<\/h5>\n<p>[\/vc_column_text][vc_empty_space height=&#8220;16px&#8220;][vc_btn title=&#8220;Dokument herunterladen&#8220; color=&#8220;blue&#8220; link=&#8220;url:http%3A%2F%2Fodiv.de%2Fcms%2Fwp-content%2Fuploads%2F2017%2F06%2FProgramm-der-Tagung-2017.pdf|||&#8220;][vc_empty_space height=&#8220;20px&#8220;][vc_separator][vc_empty_space height=&#8220;20px&#8220;][vc_column_text]<\/p>\n<h5>Tagesordnung Mitgliederversammlung 2017<\/h5>\n<p>[\/vc_column_text][vc_empty_space height=&#8220;16px&#8220;][vc_btn title=&#8220;Dokument herunterladen&#8220; color=&#8220;blue&#8220; link=&#8220;url:http%3A%2F%2Fodiv.de%2Fcms%2Fwp-content%2Fuploads%2F2017%2F06%2FMitgliederversammlung-2017.pdf|||&#8220;][vc_column_text]<\/p>\n<h5>Niederschrift der Mitgliederversammlung<\/h5>\n<p>[\/vc_column_text][vc_empty_space height=&#8220;16px&#8220;][vc_btn title=&#8220;Dokument herunterladen&#8220; color=&#8220;blue&#8220; link=&#8220;url:http%3A%2F%2Fodiv.de%2Fcms%2Fwp-content%2Fuploads%2F2018%2F01%2F171107_niederschrift.pdf|||&#8220;][vc_separator][vc_empty_space height=&#8220;20px&#8220;][vc_column_text]<\/p>\n<h5>Annette Schavan, Botschafterin beim Heiligen Stuhl:<\/h5>\n<h5>Katholische Schulen im \u00f6kumenischen Geist<\/h5>\n<p>[\/vc_column_text][vc_empty_space height=&#8220;16px&#8220;][vc_btn title=&#8220;Dokument herunterladen&#8220; color=&#8220;blue&#8220; link=&#8220;url:http%3A%2F%2Fodiv.de%2Fcms%2Fwp-content%2Fuploads%2F2018%2F03%2FODIV-Schavan-2018.pdf|||&#8220;][vc_separator][vc_empty_space height=&#8220;20px&#8220;][vc_column_text]<\/p>\n<h5>Reinhard Kardinal Marx, Vorsitzender der Deutschen Bischofskonferenz:<\/h5>\n<h5>Reform und Reformation &#8211; ein gemeinsamer Aufbruch der Christen?<\/h5>\n<p>[\/vc_column_text][vc_empty_space height=&#8220;16px&#8220;][vc_btn title=&#8220;Dokument herunterladen&#8220; color=&#8220;blue&#8220; link=&#8220;url:http%3A%2F%2Fodiv.de%2Fcms%2Fwp-content%2Fuploads%2F2018%2F02%2FVortrag-ODIV-Jahrestagung-2017_Reform-und-Reformation.pdf|||&#8220;][vc_empty_space height=&#8220;20px&#8220;][vc_column_text]<\/p>\n<h5>Hauke Christiansen:<\/h5>\n<h5>Was k\u00f6nnen freie Schulen von Luthers Freiheitsverst\u00e4ndnis lernen?<\/h5>\n<p>[\/vc_column_text][vc_empty_space height=&#8220;16px&#8220;][vc_btn title=&#8220;Dokument herunterladen&#8220; color=&#8220;blue&#8220; link=&#8220;url:https%3A%2F%2Fodiv.de%2Fcms%2Fwp-content%2Fuploads%2F2018%2F09%2FReferat-Hauke-Christiansen.pdf|||&#8220;][\/vc_column][\/vc_row]<\/p>\n","protected":false},"excerpt":{"rendered":"[vc_row][vc_column][vc_column_text]Hier finden Sie die Dokumente der Jahrestagung 2017 zum Download:[\/vc_column_text][vc_empty_space height=&#8220;20px&#8220;][vc_separator][vc_empty_space height=&#8220;20px&#8220;][vc_column_text] Programm der Tagung 2017 [\/vc_column_text][vc_empty_space height=&#8220;16px&#8220;][vc_btn title=&#8220;Dokument herunterladen&#8220; [&hellip;]","protected":false},"author":3,"featured_media":0,"parent":327,"menu_order":0,"comment_status":"closed","ping_status":"closed","template":"","meta":{"ngg_post_thumbnail":0,"footnotes":""},"class_list":["post-509","page","type-page","status-publish","hentry"],"_links":{"self":[{"href":"https:\/\/odiv.de\/cms\/wp-json\/wp\/v2\/pages\/509","targetHints":{"allow":["GET"]}}],"collection":[{"href":"https:\/\/odiv.de\/cms\/wp-json\/wp\/v2\/pages"}],"about":[{"href":"https:\/\/odiv.de\/cms\/wp-json\/wp\/v2\/types\/page"}],"author":[{"embeddable":true,"href":"https:\/\/odiv.de\/cms\/wp-json\/wp\/v2\/users\/3"}],"replies":[{"embeddable":true,"href":"https:\/\/odiv.de\/cms\/wp-json\/wp\/v2\/comments?post=509"}],"version-history":[{"count":22,"href":"https:\/\/odiv.de\/cms\/wp-json\/wp\/v2\/pages\/509\/revisions"}],"predecessor-version":[{"id":1210,"href":"https:\/\/odiv.de\/cms\/wp-json\/wp\/v2\/pages\/509\/revisions\/1210"}],"up":[{"embeddable":true,"href":"https:\/\/odiv.de\/cms\/wp-json\/wp\/v2\/pages\/327"}],"wp:attachment":[{"href":"https:\/\/odiv.de\/cms\/wp-json\/wp\/v2\/media?parent=509"}],"curies":[{"name":"wp","href":"https:\/\/api.w.org\/{rel}","templated":true}]}}