{"id":329,"date":"2017-04-01T08:37:23","date_gmt":"2017-04-01T06:37:23","guid":{"rendered":"http:\/\/odiv.de\/cms\/?page_id=329"},"modified":"2022-10-19T12:00:15","modified_gmt":"2022-10-19T10:00:15","slug":"jahrestagung-2013","status":"publish","type":"page","link":"https:\/\/odiv.de\/cms\/jahrestagungen\/jahrestagung-2013\/","title":{"rendered":"Jahrestagung 2013: \u201eM\u00f6gen h\u00e4tt ich schon wollen, aber d\u00fcrfen hab ich mich nicht getraut&#8220; (Karl Valentin) &#8211; Mut zur Freiheit"},"content":{"rendered":"<p>[vc_row][vc_column][vc_column_text]Im Folgenden finden Sie zur Verf\u00fcgung gestellte Dokumente der Jahrestagung 2013 als PDF.[\/vc_column_text][vc_empty_space height=&#8220;16px&#8220;][vc_separator][vc_empty_space height=&#8220;16px&#8220;][vc_column_text]<\/p>\n<h5>Programm der Tagung 2013<\/h5>\n<p>[\/vc_column_text][vc_empty_space height=&#8220;16px&#8220;][vc_btn title=&#8220;Dokument herunterladen&#8220; color=&#8220;blue&#8220; link=&#8220;url:https%3A%2F%2Fodiv.de%2Fcms%2Fwp-content%2Fuploads%2F2022%2F10%2FODIV-Tagung2013.pdf|||&#8220;][vc_separator][vc_empty_space height=&#8220;20px&#8220;][vc_column_text]<\/p>\n<h5>Thomas S\u00f6ding &#8211; Der Lehrer Gottes<\/h5>\n<p>[\/vc_column_text][vc_empty_space height=&#8220;16px&#8220;][vc_btn title=&#8220;Dokument herunterladen&#8220; style=&#8220;flat&#8220; shape=&#8220;square&#8220; color=&#8220;blue&#8220; link=&#8220;url:http%3A%2F%2Fodiv.de%2Fcms%2Fwp-content%2Fuploads%2F2017%2F04%2FDer-Lehrer-Gottes.pdf|title:Dokument%20herunterladen|target:%20_blank|&#8220;][vc_empty_space height=&#8220;16px&#8220;][vc_separator][vc_empty_space height=&#8220;16px&#8220;][\/vc_column][\/vc_row][vc_row][vc_column][vc_column_text]<\/p>\n<h5>Thomas Koinzer &#8211; Ermutigung zum Anderssein<\/h5>\n<p>[\/vc_column_text][vc_empty_space height=&#8220;16px&#8220;][vc_btn title=&#8220;Dokument herunterladen&#8220; style=&#8220;flat&#8220; shape=&#8220;square&#8220; color=&#8220;blue&#8220; link=&#8220;url:http%3A%2F%2Fodiv.de%2Fcms%2Fwp-content%2Fuploads%2F2017%2F04%2FKoinzer_Vortrag_ODIV_m.-Lit..pdf|title:Dokument%20herunterladen|target:%20_blank|&#8220;][vc_empty_space height=&#8220;16px&#8220;][vc_separator][vc_empty_space height=&#8220;16px&#8220;][\/vc_column][\/vc_row][vc_row][vc_column][vc_column_text]<\/p>\n<h5>Sr. Dr. Hanna Sattler OSB &#8211; Privatschulen im Rechtskorsett? Mehr Mut zur Freiheit!<\/h5>\n<p>[\/vc_column_text][vc_empty_space height=&#8220;16px&#8220;][vc_btn title=&#8220;Dokument herunterladen&#8220; style=&#8220;flat&#8220; shape=&#8220;square&#8220; color=&#8220;blue&#8220; link=&#8220;url:http%3A%2F%2Fodiv.de%2Fcms%2Fwp-content%2Fuploads%2F2017%2F04%2FPrivatschulen-im-Rechtskorsett-Vero%CC%88ffentlichungsfassung_ODIV.pdf|title:Dokument%20herunterladen|target:%20_blank|&#8220;][vc_empty_space height=&#8220;16px&#8220;][vc_separator][vc_empty_space height=&#8220;16px&#8220;][\/vc_column][\/vc_row]<\/p>\n","protected":false},"excerpt":{"rendered":"[vc_row][vc_column][vc_column_text]Im Folgenden finden Sie zur Verf\u00fcgung gestellte Dokumente der Jahrestagung 2013 als PDF.[\/vc_column_text][vc_empty_space height=&#8220;16px&#8220;][vc_separator][vc_empty_space height=&#8220;16px&#8220;][vc_column_text] Programm der Tagung 2013 [\/vc_column_text][vc_empty_space [&hellip;]","protected":false},"author":1,"featured_media":0,"parent":327,"menu_order":0,"comment_status":"closed","ping_status":"closed","template":"","meta":{"ngg_post_thumbnail":0,"footnotes":""},"class_list":["post-329","page","type-page","status-publish","hentry"],"_links":{"self":[{"href":"https:\/\/odiv.de\/cms\/wp-json\/wp\/v2\/pages\/329","targetHints":{"allow":["GET"]}}],"collection":[{"href":"https:\/\/odiv.de\/cms\/wp-json\/wp\/v2\/pages"}],"about":[{"href":"https:\/\/odiv.de\/cms\/wp-json\/wp\/v2\/types\/page"}],"author":[{"embeddable":true,"href":"https:\/\/odiv.de\/cms\/wp-json\/wp\/v2\/users\/1"}],"replies":[{"embeddable":true,"href":"https:\/\/odiv.de\/cms\/wp-json\/wp\/v2\/comments?post=329"}],"version-history":[{"count":8,"href":"https:\/\/odiv.de\/cms\/wp-json\/wp\/v2\/pages\/329\/revisions"}],"predecessor-version":[{"id":1227,"href":"https:\/\/odiv.de\/cms\/wp-json\/wp\/v2\/pages\/329\/revisions\/1227"}],"up":[{"embeddable":true,"href":"https:\/\/odiv.de\/cms\/wp-json\/wp\/v2\/pages\/327"}],"wp:attachment":[{"href":"https:\/\/odiv.de\/cms\/wp-json\/wp\/v2\/media?parent=329"}],"curies":[{"name":"wp","href":"https:\/\/api.w.org\/{rel}","templated":true}]}}