{"id":269,"date":"2017-03-27T08:45:54","date_gmt":"2017-03-27T06:45:54","guid":{"rendered":"http:\/\/ordensdirektorenvereinigung.de\/cms\/?page_id=269"},"modified":"2023-05-22T07:35:05","modified_gmt":"2023-05-22T05:35:05","slug":"links","status":"publish","type":"page","link":"https:\/\/odiv.de\/cms\/links\/","title":{"rendered":"Links"},"content":{"rendered":"<p>[vc_row 0=&#8220;&#8220;][vc_column 0=&#8220;&#8220;][vc_column_text 0=&#8220;&#8220;]Auf dieser Seite finden Sie Links zu weiteren interessanten Angeboten:[\/vc_column_text][vc_empty_space height=&#8220;16px&#8220;][vc_separator 0=&#8220;&#8220;][vc_empty_space height=&#8220;16px&#8220;][\/vc_column][\/vc_row][vc_row 0=&#8220;&#8220;][vc_column width=&#8220;2\/3&#8243;][vc_column_text 0=&#8220;&#8220;]<\/p>\n<h6>Katholische Schulen<\/h6>\n<p>Das Internetportal der katholischen Schulen in Deutschland<\/p>\n<p>&nbsp;[\/vc_column_text][\/vc_column][vc_column width=&#8220;1\/3&#8243;]<span id=\"creative-link-wrap-4454\" class=\"ult_main_cl ult-adjust-bottom-margin  \" >\r\n\t \t\t\t<span class=\"ult_cl_link_6  ult_crlink\" >\r\n\t\t\t\t\t<a  data-ultimate-target='#creative-link-wrap-4454 .ult_colorlink'  data-responsive-json-new='{\"font-size\":\"\",\"line-height\":\"\"}'  href = \"http:\/\/www.katholische-schulen.de\/\" target='_blank' class=\"ult_colorlink ult-responsive \" style=\"font-weight:normal;color:#dd9933; \"  data-textcolor=\"#8224e3\"data-texthover=\"#dd9933\"data-style=\"Style_6\" title=\"www.katholische-schulen.de\">\r\n\t\t\t\t\t\t\r\n\t\t\t\t\t\t<span data-hover=\"www.katholische-schulen.de\" style=\"color:#8224e3;;;\" class=\"ult_btn10_span   \">www.katholische-schulen.de<\/span>\r\n\t\t\t\t\t\t<span class=\"ult_btn6_link_top \" data-color=\"#333333\">\u2022<\/span>\r\n\t\t\t\t\t<\/a>\r\n\t\t\t\t<\/span>\r\n\t\t\t<\/span>[\/vc_column][\/vc_row][vc_row 0=&#8220;&#8220;][vc_column 0=&#8220;&#8220;][vc_empty_space height=&#8220;16px&#8220;][vc_separator 0=&#8220;&#8220;][vc_empty_space height=&#8220;16px&#8220;][\/vc_column][\/vc_row][vc_row 0=&#8220;&#8220;][vc_column width=&#8220;2\/3&#8243;][vc_column_text 0=&#8220;&#8220;]<\/p>\n<h6>Deutsche Bischofskonferenz<\/h6>\n<p>Das Internetportal der deutschen Bischofskonferenz<\/p>\n<p>&nbsp;[\/vc_column_text][\/vc_column][vc_column width=&#8220;1\/3&#8243;]<span id=\"creative-link-wrap-5700\" class=\"ult_main_cl ult-adjust-bottom-margin  \" >\r\n\t \t\t\t<span class=\"ult_cl_link_6  ult_crlink\" >\r\n\t\t\t\t\t<a  data-ultimate-target='#creative-link-wrap-5700 .ult_colorlink'  data-responsive-json-new='{\"font-size\":\"\",\"line-height\":\"\"}'  href = \"http:\/\/www.dbk.de\/\" target='_blank' class=\"ult_colorlink ult-responsive \" style=\"font-weight:normal;color:#dd9933; \"  data-textcolor=\"#8224e3\"data-texthover=\"#dd9933\"data-style=\"Style_6\" title=\"www.dbk.de\">\r\n\t\t\t\t\t\t\r\n\t\t\t\t\t\t<span data-hover=\"www.dbk.de\" style=\"color:#8224e3;;;\" class=\"ult_btn10_span   \">www.dbk.de<\/span>\r\n\t\t\t\t\t\t<span class=\"ult_btn6_link_top \" data-color=\"#333333\">\u2022<\/span>\r\n\t\t\t\t\t<\/a>\r\n\t\t\t\t<\/span>\r\n\t\t\t<\/span>[\/vc_column][\/vc_row][vc_row 0=&#8220;&#8220;][vc_column 0=&#8220;&#8220;][vc_empty_space height=&#8220;16px&#8220;][vc_separator 0=&#8220;&#8220;][vc_empty_space height=&#8220;16px&#8220;][\/vc_column][\/vc_row][vc_row 0=&#8220;&#8220;][vc_column width=&#8220;2\/3&#8243;][vc_column_text 0=&#8220;&#8220;]<\/p>\n<h6>Deutsche Ordensobernkonferenz<\/h6>\n<p>Das Internetportal der deutschen Ordensobernkonferenz \u00fcber Ordensgemeinschaften in Deutschland<\/p>\n<p>&nbsp;[\/vc_column_text][\/vc_column][vc_column width=&#8220;1\/3&#8243;]<span id=\"creative-link-wrap-7848\" class=\"ult_main_cl ult-adjust-bottom-margin  \" >\r\n\t \t\t\t<span class=\"ult_cl_link_6  ult_crlink\" >\r\n\t\t\t\t\t<a  data-ultimate-target='#creative-link-wrap-7848 .ult_colorlink'  data-responsive-json-new='{\"font-size\":\"\",\"line-height\":\"\"}'  href = \"http:\/\/www.orden.de\/\" target='_blank' class=\"ult_colorlink ult-responsive \" style=\"font-weight:normal;color:#dd9933; \"  data-textcolor=\"#8224e3\"data-texthover=\"#dd9933\"data-style=\"Style_6\" title=\"www.orden.de\">\r\n\t\t\t\t\t\t\r\n\t\t\t\t\t\t<span data-hover=\"www.orden.de\" style=\"color:#8224e3;;;\" class=\"ult_btn10_span   \">www.orden.de<\/span>\r\n\t\t\t\t\t\t<span class=\"ult_btn6_link_top \" data-color=\"#333333\">\u2022<\/span>\r\n\t\t\t\t\t<\/a>\r\n\t\t\t\t<\/span>\r\n\t\t\t<\/span>[\/vc_column][\/vc_row][vc_row 0=&#8220;&#8220;][vc_column 0=&#8220;&#8220;][vc_empty_space height=&#8220;16px&#8220;][vc_separator 0=&#8220;&#8220;][vc_empty_space height=&#8220;16px&#8220;][\/vc_column][\/vc_row][vc_row 0=&#8220;&#8220;][vc_column width=&#8220;2\/3&#8243;][vc_column_text 0=&#8220;&#8220;]<\/p>\n<h6>Stiftung Katholische Schulen<\/h6>\n<p>Das Internetportal der Stiftung Katholische Schulen in Deutschland<\/p>\n<p>&nbsp;[\/vc_column_text][\/vc_column][vc_column width=&#8220;1\/3&#8243;]<span id=\"creative-link-wrap-7982\" class=\"ult_main_cl ult-adjust-bottom-margin  \" >\r\n\t \t\t\t<span class=\"ult_cl_link_6  ult_crlink\" >\r\n\t\t\t\t\t<a  data-ultimate-target='#creative-link-wrap-7982 .ult_colorlink'  data-responsive-json-new='{\"font-size\":\"\",\"line-height\":\"\"}'  href = \"https:\/\/stiftung-katholische-schulen.de\/\" target='_blank' class=\"ult_colorlink ult-responsive \" style=\"font-weight:normal;color:#dd9933; \"  data-textcolor=\"#8224e3\"data-texthover=\"#dd9933\"data-style=\"Style_6\" title=\"www.stiftung-katholische-schulen.de\">\r\n\t\t\t\t\t\t\r\n\t\t\t\t\t\t<span data-hover=\"www.stiftung-katholische-schulen.de\" style=\"color:#8224e3;;;\" class=\"ult_btn10_span   \">www.stiftung-katholische-schulen.de<\/span>\r\n\t\t\t\t\t\t<span class=\"ult_btn6_link_top \" data-color=\"#333333\">\u2022<\/span>\r\n\t\t\t\t\t<\/a>\r\n\t\t\t\t<\/span>\r\n\t\t\t<\/span>[\/vc_column][\/vc_row][vc_row 0=&#8220;&#8220;][vc_column 0=&#8220;&#8220;][vc_empty_space height=&#8220;16px&#8220;][vc_separator 0=&#8220;&#8220;][vc_empty_space height=&#8220;16px&#8220;][\/vc_column][\/vc_row][vc_row 0=&#8220;&#8220;][vc_column width=&#8220;2\/3&#8243;][vc_column_text 0=&#8220;&#8220;]<\/p>\n<h6>Cautela Pr\u00e4ventionsprogramm und Multimedia-Projekt<\/h6>\n<p>\u201eCautela! &#8211; Pr\u00e4vention st\u00e4rken, Heilung f\u00f6rdern\u201c wurde von Loyola Productions Munich GmbH und P. Christof Wolf SJ entwickelt und produziert.<\/p>\n<p>&nbsp;[\/vc_column_text][\/vc_column][vc_column width=&#8220;1\/3&#8243;]<span id=\"creative-link-wrap-7541\" class=\"ult_main_cl ult-adjust-bottom-margin  \" >\r\n\t \t\t\t<span class=\"ult_cl_link_6  ult_crlink\" >\r\n\t\t\t\t\t<a  data-ultimate-target='#creative-link-wrap-7541 .ult_colorlink'  data-responsive-json-new='{\"font-size\":\"\",\"line-height\":\"\"}'  href = \"http:\/\/www.cautela.de\/\" target='_blank' class=\"ult_colorlink ult-responsive \" style=\"font-weight:normal;color:#dd9933; \"  data-textcolor=\"#8224e3\"data-texthover=\"#dd9933\"data-style=\"Style_6\" title=\"www.cautela.de\">\r\n\t\t\t\t\t\t\r\n\t\t\t\t\t\t<span data-hover=\"www.cautela.de\" style=\"color:#8224e3;;;\" class=\"ult_btn10_span   \">www.cautela.de<\/span>\r\n\t\t\t\t\t\t<span class=\"ult_btn6_link_top \" data-color=\"#333333\">\u2022<\/span>\r\n\t\t\t\t\t<\/a>\r\n\t\t\t\t<\/span>\r\n\t\t\t<\/span>[\/vc_column][\/vc_row][vc_row 0=&#8220;&#8220;][vc_column 0=&#8220;&#8220;][vc_empty_space height=&#8220;16px&#8220;][vc_separator 0=&#8220;&#8220;][vc_empty_space height=&#8220;16px&#8220;][\/vc_column][\/vc_row][vc_row 0=&#8220;&#8220;][vc_column width=&#8220;2\/3&#8243;][vc_column_text 0=&#8220;&#8220;]<\/p>\n<h6>Bildung &#8211; Zukunft &#8211; Hoffnung<\/h6>\n<p>Warum Kirche Schule macht<\/p>\n<p>Schulen in kirchlicher Tr\u00e4gerschaft genie\u00dfen bei Eltern einen exzellenten Ruf. F\u00fcr Tr\u00e4ger \u00f6ffentlicher Schulen sind sie mal gern gesehene Erg\u00e4nzung des Schulangebotes, weil sie die \u00f6ffentlichen Haushalte weniger belasten als eigene Schulen, und mal weniger gern gesehene Konkurrenz, wenn die Sch\u00fclerzahlen abnehmen. Welche Rolle k\u00f6nnen und sollen katholische Schulen zuk\u00fcnftig spielen, f\u00fcr die jungen Menschen, f\u00fcr die Gesellschaft und innerhalb der Kirche? Das Buch l\u00e4sst renommierte Autorinnen und Autoren zu Wort kommen, deren Beitr\u00e4ge im wahrsten Sinne des Wortes \u00bbwertvoll\u00ab sind.<\/p>\n<p>&nbsp;[\/vc_column_text][\/vc_column][vc_column width=&#8220;1\/3&#8243;]<span id=\"creative-link-wrap-6871\" class=\"ult_main_cl ult-adjust-bottom-margin  \" >\r\n\t \t\t\t<span class=\"ult_cl_link_6  ult_crlink\" >\r\n\t\t\t\t\t<a  data-ultimate-target='#creative-link-wrap-6871 .ult_colorlink'  data-responsive-json-new='{\"font-size\":\"\",\"line-height\":\"\"}'  href = \"https:\/\/www.herder.de\/religion-theologie-shop\/bildung-zukunft-hoffnung-gebundene-ausgabe\/c-25\/p-10050\/\" target='_blank' class=\"ult_colorlink ult-responsive \" style=\"font-weight:normal;color:#dd9933; \"  data-textcolor=\"#8224e3\"data-texthover=\"#dd9933\"data-style=\"Style_6\" title=\"Bildung - Zukunft - Hoffnung\">\r\n\t\t\t\t\t\t\r\n\t\t\t\t\t\t<span data-hover=\"Bildung - Zukunft - Hoffnung\" style=\"color:#8224e3;;;\" class=\"ult_btn10_span   \">Bildung - Zukunft - Hoffnung<\/span>\r\n\t\t\t\t\t\t<span class=\"ult_btn6_link_top \" data-color=\"#333333\">\u2022<\/span>\r\n\t\t\t\t\t<\/a>\r\n\t\t\t\t<\/span>\r\n\t\t\t<\/span>[\/vc_column][\/vc_row]<\/p>\n","protected":false},"excerpt":{"rendered":"[vc_row 0=&#8220;&#8220;][vc_column 0=&#8220;&#8220;][vc_column_text 0=&#8220;&#8220;]Auf dieser Seite finden Sie Links zu weiteren interessanten Angeboten:[\/vc_column_text][vc_empty_space height=&#8220;16px&#8220;][vc_separator 0=&#8220;&#8220;][vc_empty_space height=&#8220;16px&#8220;][\/vc_column][\/vc_row][vc_row 0=&#8220;&#8220;][vc_column width=&#8220;2\/3&#8243;][vc_column_text 0=&#8220;&#8220;] Katholische [&hellip;]","protected":false},"author":1,"featured_media":0,"parent":0,"menu_order":0,"comment_status":"closed","ping_status":"closed","template":"","meta":{"ngg_post_thumbnail":0,"footnotes":""},"class_list":["post-269","page","type-page","status-publish","hentry"],"_links":{"self":[{"href":"https:\/\/odiv.de\/cms\/wp-json\/wp\/v2\/pages\/269","targetHints":{"allow":["GET"]}}],"collection":[{"href":"https:\/\/odiv.de\/cms\/wp-json\/wp\/v2\/pages"}],"about":[{"href":"https:\/\/odiv.de\/cms\/wp-json\/wp\/v2\/types\/page"}],"author":[{"embeddable":true,"href":"https:\/\/odiv.de\/cms\/wp-json\/wp\/v2\/users\/1"}],"replies":[{"embeddable":true,"href":"https:\/\/odiv.de\/cms\/wp-json\/wp\/v2\/comments?post=269"}],"version-history":[{"count":19,"href":"https:\/\/odiv.de\/cms\/wp-json\/wp\/v2\/pages\/269\/revisions"}],"predecessor-version":[{"id":1503,"href":"https:\/\/odiv.de\/cms\/wp-json\/wp\/v2\/pages\/269\/revisions\/1503"}],"wp:attachment":[{"href":"https:\/\/odiv.de\/cms\/wp-json\/wp\/v2\/media?parent=269"}],"curies":[{"name":"wp","href":"https:\/\/api.w.org\/{rel}","templated":true}]}}