{"id":2095,"date":"2025-11-05T20:59:55","date_gmt":"2025-11-05T19:59:55","guid":{"rendered":"https:\/\/odiv.de\/cms\/?page_id=2095"},"modified":"2025-11-05T20:59:55","modified_gmt":"2025-11-05T19:59:55","slug":"jahrestagung-2025-prueft-alles-und-behaltet-das-gute-1-thess-125-ki-und-bildung-ki-und-menschenbild","status":"publish","type":"page","link":"https:\/\/odiv.de\/cms\/jahrestagungen\/jahrestagung-2025-prueft-alles-und-behaltet-das-gute-1-thess-125-ki-und-bildung-ki-und-menschenbild\/","title":{"rendered":"Jahrestagung 2025 &#8211; &#8222;Pr\u00fcft alles und behaltet das Gute&#8220; (1 Thess 1,25) KI und Bildung. KI und Menschenbild."},"content":{"rendered":"<p>[vc_row][vc_column][vc_column_text]Hier finden Sie die Dokumente der Jahrestagung 2025 zum Download:[\/vc_column_text][vc_empty_space height=&#8220;20px&#8220;][vc_separator][vc_empty_space height=&#8220;20px&#8220;][vc_column_text]<\/p>\n<h5>Programm der Tagung 2025<\/h5>\n<p>[\/vc_column_text][vc_empty_space height=&#8220;16px&#8220;][vc_btn title=&#8220;Dokument herunterladen&#8220; color=&#8220;blue&#8220; link=&#8220;url:https%3A%2F%2Fodiv.de%2Fcms%2Fwp-content%2Fuploads%2F2025%2F06%2FODIV-Programm-Flyer_final_2025.pdf|||&#8220;][vc_separator][vc_empty_space height=&#8220;20px&#8220;][vc_column_text]&nbsp;<\/p>\n<h5>Tagesordnung Mitgliederversammlung 2025<\/h5>\n<p>[\/vc_column_text][vc_empty_space height=&#8220;16px&#8220;][vc_btn title=&#8220;Dokument herunterladen&#8220; color=&#8220;blue&#8220; link=&#8220;url:https%3A%2F%2Fodiv.de%2Fcms%2Fwp-content%2Fuploads%2F2025%2F11%2FEinladung-Mitgliederversammlung.pdf|||&#8220;][vc_separator][vc_empty_space height=&#8220;20px&#8220;][vc_column_text]&nbsp;<\/p>\n<h5><span dir=\"ltr\" role=\"presentation\">Dr. Birte Platow:<\/span><\/h5>\n<h5><span dir=\"ltr\" role=\"presentation\">Theolo:KI? \u00dcber den Wert theologischer Reflexion von KI \u2013 und der Chance zur Neuentdeckung von Theologie<\/span><\/h5>\n<p>[\/vc_column_text][vc_empty_space height=&#8220;16px&#8220;][vc_separator][vc_empty_space height=&#8220;20px&#8220;][vc_column_text][vc_row][vc_column width=&#8220;1\/1&#8243;][vc_column_text]<\/p>\n<h5><span dir=\"ltr\" role=\"presentation\"> Prof. Dr. Ivan Yamshchikov:<br role=\"presentation\"><\/span><\/h5>\n<h5>Besuch des Center f\u00fcr K\u00fcnstliche Intelligenz und Robotik (CAIRO) der THWS W\u00fcrzburg-Schweinfurt<\/h5>\n<p>[\/vc_column_text][vc_empty_space height=&#8220;16px&#8220;][vc_separator][vc_empty_space height=&#8220;20px&#8220;][vc_column_text][vc_row][vc_column width=&#8220;1\/1&#8243;][vc_column_text]<\/p>\n<h5><span dir=\"ltr\" role=\"presentation\">Prof. Dr. Andreas B\u00fcsch:<\/span><\/h5>\n<h5><span dir=\"ltr\" role=\"presentation\">Lernen ex machina? Was KI ist, was sie (nicht) kann \u2013 und was das f\u00fcr die Medienbildung bedeutet.<\/span><\/h5>\n<p>[\/vc_column_text][\/vc_column][\/vc_row]<\/p>\n","protected":false},"excerpt":{"rendered":"[vc_row][vc_column][vc_column_text]Hier finden Sie die Dokumente der Jahrestagung 2025 zum Download:[\/vc_column_text][vc_empty_space height=&#8220;20px&#8220;][vc_separator][vc_empty_space height=&#8220;20px&#8220;][vc_column_text] Programm der Tagung 2025 [\/vc_column_text][vc_empty_space height=&#8220;16px&#8220;][vc_btn title=&#8220;Dokument herunterladen&#8220; [&hellip;]","protected":false},"author":3,"featured_media":0,"parent":327,"menu_order":0,"comment_status":"closed","ping_status":"closed","template":"","meta":{"ngg_post_thumbnail":0,"footnotes":""},"class_list":["post-2095","page","type-page","status-publish","hentry"],"_links":{"self":[{"href":"https:\/\/odiv.de\/cms\/wp-json\/wp\/v2\/pages\/2095","targetHints":{"allow":["GET"]}}],"collection":[{"href":"https:\/\/odiv.de\/cms\/wp-json\/wp\/v2\/pages"}],"about":[{"href":"https:\/\/odiv.de\/cms\/wp-json\/wp\/v2\/types\/page"}],"author":[{"embeddable":true,"href":"https:\/\/odiv.de\/cms\/wp-json\/wp\/v2\/users\/3"}],"replies":[{"embeddable":true,"href":"https:\/\/odiv.de\/cms\/wp-json\/wp\/v2\/comments?post=2095"}],"version-history":[{"count":4,"href":"https:\/\/odiv.de\/cms\/wp-json\/wp\/v2\/pages\/2095\/revisions"}],"predecessor-version":[{"id":2100,"href":"https:\/\/odiv.de\/cms\/wp-json\/wp\/v2\/pages\/2095\/revisions\/2100"}],"up":[{"embeddable":true,"href":"https:\/\/odiv.de\/cms\/wp-json\/wp\/v2\/pages\/327"}],"wp:attachment":[{"href":"https:\/\/odiv.de\/cms\/wp-json\/wp\/v2\/media?parent=2095"}],"curies":[{"name":"wp","href":"https:\/\/api.w.org\/{rel}","templated":true}]}}