{"id":2010,"date":"2025-02-25T09:16:19","date_gmt":"2025-02-25T08:16:19","guid":{"rendered":"https:\/\/odiv.de\/cms\/?page_id=2010"},"modified":"2025-02-26T17:52:28","modified_gmt":"2025-02-26T16:52:28","slug":"flyer-der-odiv","status":"publish","type":"page","link":"https:\/\/odiv.de\/cms\/flyer-der-odiv\/","title":{"rendered":"Flyer der ODIV"},"content":{"rendered":"<p>2024 wurde vom Vorstand, unter der Federf\u00fchrung von Sr. Ulrike Michalski, ein neuer Flyer f\u00fcr Arbeit der ODIV erstellt. Dieser kann <a href=\"https:\/\/odiv.de\/cms\/wp-content\/uploads\/2025\/02\/ODIV-Flyer_924_-End.pdf\">hier<\/a> als PDF-Dokument heruntergeladen werden.<\/p>\n<p>\u00dcber Ihre R\u00fcckmeldung w\u00fcrden wir uns sehr freuen!<\/p>\nngg_shortcode_0_placeholder\n","protected":false},"excerpt":{"rendered":"2024 wurde vom Vorstand, unter der Federf\u00fchrung von Sr. Ulrike Michalski, ein neuer Flyer f\u00fcr Arbeit der ODIV erstellt. Dieser [&hellip;]","protected":false},"author":3,"featured_media":0,"parent":0,"menu_order":0,"comment_status":"closed","ping_status":"closed","template":"","meta":{"ngg_post_thumbnail":0,"footnotes":""},"class_list":["post-2010","page","type-page","status-publish","hentry"],"_links":{"self":[{"href":"https:\/\/odiv.de\/cms\/wp-json\/wp\/v2\/pages\/2010","targetHints":{"allow":["GET"]}}],"collection":[{"href":"https:\/\/odiv.de\/cms\/wp-json\/wp\/v2\/pages"}],"about":[{"href":"https:\/\/odiv.de\/cms\/wp-json\/wp\/v2\/types\/page"}],"author":[{"embeddable":true,"href":"https:\/\/odiv.de\/cms\/wp-json\/wp\/v2\/users\/3"}],"replies":[{"embeddable":true,"href":"https:\/\/odiv.de\/cms\/wp-json\/wp\/v2\/comments?post=2010"}],"version-history":[{"count":6,"href":"https:\/\/odiv.de\/cms\/wp-json\/wp\/v2\/pages\/2010\/revisions"}],"predecessor-version":[{"id":2030,"href":"https:\/\/odiv.de\/cms\/wp-json\/wp\/v2\/pages\/2010\/revisions\/2030"}],"wp:attachment":[{"href":"https:\/\/odiv.de\/cms\/wp-json\/wp\/v2\/media?parent=2010"}],"curies":[{"name":"wp","href":"https:\/\/api.w.org\/{rel}","templated":true}]}}