{"id":124,"date":"2017-03-15T21:58:52","date_gmt":"2017-03-15T20:58:52","guid":{"rendered":"http:\/\/ordensdirektorenvereinigung.de\/cms\/?page_id=124"},"modified":"2017-04-01T08:33:22","modified_gmt":"2017-04-01T06:33:22","slug":"ziele","status":"publish","type":"page","link":"https:\/\/odiv.de\/cms\/ueber-die-odiv\/ziele\/","title":{"rendered":"Ziele und Zweck"},"content":{"rendered":"<p>[vc_row][vc_column][vc_column_text]Zielsetzung der ODIV ist die korporative Vertretung der angeschlossenen Schulen und deren Leiter bei kirchlichen und staatlichen Stellen, in anderen Organisationen und in der \u00d6ffentlichkeit sowie die gegenseitige Beratung und F\u00f6rderung in religi\u00f6sen, p\u00e4dagogischen und juristischen Fragen.<\/p>\n<p>Der Zweck der ODIV ist die gegenseitige Beratung und F\u00f6rderung in religi\u00f6sen, p\u00e4dagogischen und juristischen Fragen. Die Vereinigung f\u00f6rdert insbesondere die Teilnahme der Schulleiterinnen und Schulleiter an Fachtagungen, Seminaren und Kursen zur religi\u00f6sen Fort- und Weiterbildung, die der Vertiefung des eigenen Glaubens und des katholischen Schulprofils dienen und zur Gestaltung des Schullebens aus dem Glauben ermutigen.<\/p>\n<h5>Organisation<\/h5>\n<p>Die ODIV hat eine \/ einen Vorsitzende(n), die\/der alle drei Jahre von der Mitgliederversammlung gew\u00e4hlt wird, und einen achtk\u00f6pfigen Vorstand, der um vier beratende Mitglieder erweitert werden kann. Die Gesch\u00e4ftsstelle ist im Bereich Glaube und Bildung der Deutschen Bischofskonferenz in Bonn. Die Mitglieder treffen sich einmal im Jahr.<\/p>\n<h5>Die Jahrestagung<\/h5>\n<p>Die j\u00e4hrlich im Herbst stattfindende Jahrestagung bietet den Schulleiterinnen und Schulleitern, sowie ihren Stellvertretern p\u00e4dagogische und geistliche Impulse, Begegnung und Austausch \u00fcber L\u00e4ndergrenzen hinweg und die Erfahrung des gemeinsamen Unterwegsseins in Gespr\u00e4chen, Unterst\u00fctzung und Ermutigung und der Feier der Liturgie.<\/p>\n<p>Die Themenauswahl orientiert sich deshalb an der Auseinandersetzung mit geistesgeschichtlichen, gesellschaftspolitischen und religi\u00f6sen Str\u00f6mungen, der Analyse schulpolitischer und p\u00e4dagogischer Entwicklungen, der Vermittlung von Hilfen zur Bew\u00e4ltigung des p\u00e4dagogischen Alltags und der F\u00f6rderung und Festigung der Spiritualit\u00e4t der angeschlossenen Schulen.<\/p>\n<p>Die Referate der Jahrestagungen werden im Internet und in dem Heft \u201cMaterialien\u201d ver\u00f6ffentlicht, das \u00fcber die Gesch\u00e4ftsstelle (Sekretariat der Deutschen Bischofskonferenz, Bereich Glaube und Bildung, Kaiserstr. 163, 53113 Bonn) bezogen werden kann.[\/vc_column_text][vc_empty_space][vc_gallery type=&#8220;image_grid&#8220; images=&#8220;154,153,151&#8243;][\/vc_column][\/vc_row]<\/p>\n","protected":false},"excerpt":{"rendered":"[vc_row][vc_column][vc_column_text]Zielsetzung der ODIV ist die korporative Vertretung der angeschlossenen Schulen und deren Leiter bei kirchlichen und staatlichen Stellen, in anderen [&hellip;]","protected":false},"author":1,"featured_media":0,"parent":62,"menu_order":0,"comment_status":"closed","ping_status":"closed","template":"","meta":{"ngg_post_thumbnail":0,"footnotes":""},"class_list":["post-124","page","type-page","status-publish","hentry"],"_links":{"self":[{"href":"https:\/\/odiv.de\/cms\/wp-json\/wp\/v2\/pages\/124","targetHints":{"allow":["GET"]}}],"collection":[{"href":"https:\/\/odiv.de\/cms\/wp-json\/wp\/v2\/pages"}],"about":[{"href":"https:\/\/odiv.de\/cms\/wp-json\/wp\/v2\/types\/page"}],"author":[{"embeddable":true,"href":"https:\/\/odiv.de\/cms\/wp-json\/wp\/v2\/users\/1"}],"replies":[{"embeddable":true,"href":"https:\/\/odiv.de\/cms\/wp-json\/wp\/v2\/comments?post=124"}],"version-history":[{"count":1,"href":"https:\/\/odiv.de\/cms\/wp-json\/wp\/v2\/pages\/124\/revisions"}],"predecessor-version":[{"id":325,"href":"https:\/\/odiv.de\/cms\/wp-json\/wp\/v2\/pages\/124\/revisions\/325"}],"up":[{"embeddable":true,"href":"https:\/\/odiv.de\/cms\/wp-json\/wp\/v2\/pages\/62"}],"wp:attachment":[{"href":"https:\/\/odiv.de\/cms\/wp-json\/wp\/v2\/media?parent=124"}],"curies":[{"name":"wp","href":"https:\/\/api.w.org\/{rel}","templated":true}]}}