{"id":120,"date":"2017-03-15T21:54:13","date_gmt":"2017-03-15T20:54:13","guid":{"rendered":"http:\/\/ordensdirektorenvereinigung.de\/cms\/?page_id=120"},"modified":"2017-04-01T08:34:08","modified_gmt":"2017-04-01T06:34:08","slug":"historie","status":"publish","type":"page","link":"https:\/\/odiv.de\/cms\/ueber-die-odiv\/historie\/","title":{"rendered":"Historische Entwicklung"},"content":{"rendered":"<p>[vc_row][vc_column][vc_column_text]<\/p>\n<blockquote><p>\u201eOrdenschristen haben \u00fcber mehr als 1000 Jahre aus ihrer Spiritualit\u00e4t Schulkultur gestaltet. Der lange Atem der katholischen Kirche und die pr\u00e4gende Kraft des Evangeliums im Bildungsbereich wurden wesentlich von Ordenschristen wachgehalten. Deshalb ist es wesentlicher Auftrag der ODIV, in je ver\u00e4nderten gesellschaftlichen Bedingungen einen Beitrag dazu zu leisten, dass geerdete und gelebte Spiritualit\u00e4t die Mitte unserer Schulen in Ordenstradition bleibt.\u201c<\/p><\/blockquote>\n<p><em>(Zit. Sr. Annuntiata Bays, Geschichte der ODIV. In Materialien 3, S. 86)<\/em>[\/vc_column_text][vc_empty_space height=&#8220;16px&#8220;][vc_separator][vc_empty_space height=&#8220;16px&#8220;][vc_column_text]Der allgemeine Aufbruchswille nach dem Zweiten Weltkrieg machte auch vor den Orden in Deutschland nicht Halt. Viele Ordensschulen waren w\u00e4hrend der Herrschaft der Nationalsozialisten geschlossen oder enteignet worden, jetzt sahen die Orden die M\u00f6glichkeit, neu Verantwortung f\u00fcr die Erziehung und Bildung junger Menschen zu \u00fcbernehmen. Zur gegenseitigen Unterst\u00fctzung, Beratung und St\u00e4rkung schlossen sich schon bald nach Kriegsende die Direktoren verschiedener Ordensschulen zusammen. Noch vor Gr\u00fcndung der Vereinigung der Ordensoberen Deutschlands gr\u00fcndete sich am 7. August 1946 die \u201eDirektorenkonferenz der Ordensnachwuchsschulen\u201c, seit 1949 ODIV (Ordensdirektorenvereinigung) genannt.<\/p>\n<p>Waren in den ersten Jahren Schulleiter und Internatsleiter gleicherma\u00dfen in der ODIV vertreten, entschied die ODIV sich 1970, sich in zwei Sektionen aufzugliedern: die Sektion Schulen und die Sektion Internate. 2001 trennte sich die Sektion Internate von der ODIV und schloss sich mit anderen Verb\u00e4nden katholischer Internate zum Verband katholischer Internate und Tagesinternate (VKIT) zusammen.<\/p>\n<p>Nachdem 1974 zum ersten Mal Vertreterinnen von Schwesternschulen an der Jahrestagung der ODIV teilgenommen haben, beschlie\u00dft die ODIV 1975 einstimmig, ab sofort auch von Schwesterngemeinschaften geleitete oder getragene Schulen aufzunehmen.<\/p>\n<p>Um ehemaligen Ordensschulen, deren Tr\u00e4gerschaft an ein Bistum oder einen Tr\u00e4gerverein \u00fcbergegangen ist, die Fortsetzung der Mitgliedschaft in der ODIV zu erm\u00f6glichen, erweiterte die &#8222;ODIV-Sektion Schule&#8220; 1995 ihre Satzung und nennt sich seitdem &#8222;Vereinigung katholischer Schulen in Ordenstradition&#8220;.<\/p>\n<p>Heute z\u00e4hlt die ODIV ca. 190 Mitgliedsschulen in allen Bundesl\u00e4ndern Deutschlands und ist damit die einzige l\u00e4nder\u00fcbergreifende Vereinigung&nbsp; christlicher Schulen im f\u00f6deralistisch organisierten Bildungsbereich.[\/vc_column_text][\/vc_column][\/vc_row]<\/p>\n","protected":false},"excerpt":{"rendered":"[vc_row][vc_column][vc_column_text] \u201eOrdenschristen haben \u00fcber mehr als 1000 Jahre aus ihrer Spiritualit\u00e4t Schulkultur gestaltet. Der lange Atem der katholischen Kirche und [&hellip;]","protected":false},"author":1,"featured_media":0,"parent":62,"menu_order":0,"comment_status":"closed","ping_status":"closed","template":"","meta":{"ngg_post_thumbnail":0,"footnotes":""},"class_list":["post-120","page","type-page","status-publish","hentry"],"_links":{"self":[{"href":"https:\/\/odiv.de\/cms\/wp-json\/wp\/v2\/pages\/120","targetHints":{"allow":["GET"]}}],"collection":[{"href":"https:\/\/odiv.de\/cms\/wp-json\/wp\/v2\/pages"}],"about":[{"href":"https:\/\/odiv.de\/cms\/wp-json\/wp\/v2\/types\/page"}],"author":[{"embeddable":true,"href":"https:\/\/odiv.de\/cms\/wp-json\/wp\/v2\/users\/1"}],"replies":[{"embeddable":true,"href":"https:\/\/odiv.de\/cms\/wp-json\/wp\/v2\/comments?post=120"}],"version-history":[{"count":1,"href":"https:\/\/odiv.de\/cms\/wp-json\/wp\/v2\/pages\/120\/revisions"}],"predecessor-version":[{"id":326,"href":"https:\/\/odiv.de\/cms\/wp-json\/wp\/v2\/pages\/120\/revisions\/326"}],"up":[{"embeddable":true,"href":"https:\/\/odiv.de\/cms\/wp-json\/wp\/v2\/pages\/62"}],"wp:attachment":[{"href":"https:\/\/odiv.de\/cms\/wp-json\/wp\/v2\/media?parent=120"}],"curies":[{"name":"wp","href":"https:\/\/api.w.org\/{rel}","templated":true}]}}